{"id":965,"date":"2025-01-15T19:29:36","date_gmt":"2025-01-15T19:29:36","guid":{"rendered":"https:\/\/vitaliscare.ch\/?page_id=965"},"modified":"2025-01-19T15:30:58","modified_gmt":"2025-01-19T14:30:58","slug":"blog","status":"publish","type":"page","link":"https:\/\/vitaliscare.ch\/index.php\/blog\/","title":{"rendered":"Blog"},"content":{"rendered":"","protected":true},"excerpt":{"rendered":"","protected":true},"author":1,"featured_media":0,"parent":0,"menu_order":0,"comment_status":"closed","ping_status":"closed","template":"","meta":{"footnotes":""},"class_list":["post-965","page","type-page","status-publish","post-password-required","hentry"],"yoast_head":"<!-- This site is optimized with the Yoast SEO plugin v27.4 - https:\/\/yoast.com\/product\/yoast-seo-wordpress\/ -->\n<title>Blog - VitalisCare \u2013 Soins et Aide \u00e0 Domicile \u00e0 Gen\u00e8ve<\/title>\n<meta name=\"robots\" content=\"index, follow, max-snippet:-1, max-image-preview:large, max-video-preview:-1\" \/>\n<link rel=\"canonical\" href=\"https:\/\/vitaliscare.ch\/index.php\/blog\/\" \/>\n<meta property=\"og:locale\" content=\"fr_FR\" \/>\n<meta property=\"og:type\" content=\"article\" \/>\n<meta property=\"og:title\" content=\"Blog - VitalisCare \u2013 Soins et Aide \u00e0 Domicile \u00e0 Gen\u00e8ve\" \/>\n<meta property=\"og:description\" content=\"Il n\u2019y a pas d\u2019extrait, car cette publication est prot\u00e9g\u00e9e.\" \/>\n<meta property=\"og:url\" content=\"https:\/\/vitaliscare.ch\/index.php\/blog\/\" \/>\n<meta property=\"og:site_name\" content=\"VitalisCare \u2013 Soins et Aide \u00e0 Domicile \u00e0 Gen\u00e8ve\" \/>\n<meta property=\"article:modified_time\" content=\"2025-01-19T14:30:58+00:00\" \/>\n<meta name=\"twitter:card\" content=\"summary_large_image\" \/>\n<script type=\"application\/ld+json\" class=\"yoast-schema-graph\">{\"@context\":\"https:\\\/\\\/schema.org\",\"@graph\":[{\"@type\":\"WebPage\",\"@id\":\"https:\\\/\\\/vitaliscare.ch\\\/index.php\\\/blog\\\/\",\"url\":\"https:\\\/\\\/vitaliscare.ch\\\/index.php\\\/blog\\\/\",\"name\":\"Blog - VitalisCare \u2013 Soins et Aide \u00e0 Domicile \u00e0 Gen\u00e8ve\",\"isPartOf\":{\"@id\":\"https:\\\/\\\/vitaliscare.ch\\\/#website\"},\"datePublished\":\"2025-01-15T19:29:36+00:00\",\"dateModified\":\"2025-01-19T14:30:58+00:00\",\"breadcrumb\":{\"@id\":\"https:\\\/\\\/vitaliscare.ch\\\/index.php\\\/blog\\\/#breadcrumb\"},\"inLanguage\":\"fr-FR\"},{\"@type\":\"WebSite\",\"@id\":\"https:\\\/\\\/vitaliscare.ch\\\/#website\",\"url\":\"https:\\\/\\\/vitaliscare.ch\\\/\",\"name\":\"VitalisCare \u2013 Soins et Aide \u00e0 Domicile \u00e0 Gen\u00e8ve\",\"description\":\"Actuellement, aucune offre d&#039;emploi n&#039;est disponible. Restez connect\u00e9, de nouvelles opportunit\u00e9s seront bient\u00f4t publi\u00e9es.\",\"publisher\":{\"@id\":\"https:\\\/\\\/vitaliscare.ch\\\/#organization\"},\"potentialAction\":[{\"@type\":\"SearchAction\",\"target\":{\"@type\":\"EntryPoint\",\"urlTemplate\":\"https:\\\/\\\/vitaliscare.ch\\\/?s={search_term_string}\"},\"query-input\":{\"@type\":\"PropertyValueSpecification\",\"valueRequired\":true,\"valueName\":\"search_term_string\"}}],\"inLanguage\":\"fr-FR\"},{\"@type\":\"Organization\",\"@id\":\"https:\\\/\\\/vitaliscare.ch\\\/#organization\",\"name\":\"VitalisCare \u2013 Soins et Aide \u00e0 Domicile \u00e0 Gen\u00e8ve\",\"url\":\"https:\\\/\\\/vitaliscare.ch\\\/\",\"logo\":{\"@type\":\"ImageObject\",\"inLanguage\":\"fr-FR\",\"@id\":\"https:\\\/\\\/vitaliscare.ch\\\/#\\\/schema\\\/logo\\\/image\\\/\",\"url\":\"https:\\\/\\\/vitaliscare.ch\\\/wp-content\\\/uploads\\\/2024\\\/11\\\/cropped-cropped-LOGO-1.png\",\"contentUrl\":\"https:\\\/\\\/vitaliscare.ch\\\/wp-content\\\/uploads\\\/2024\\\/11\\\/cropped-cropped-LOGO-1.png\",\"width\":1833,\"height\":528,\"caption\":\"VitalisCare \u2013 Soins et Aide \u00e0 Domicile \u00e0 Gen\u00e8ve\"},\"image\":{\"@id\":\"https:\\\/\\\/vitaliscare.ch\\\/#\\\/schema\\\/logo\\\/image\\\/\"}}]}<\/script>\n<!-- \/ Yoast SEO plugin. -->","yoast_head_json":{"title":"Blog - VitalisCare \u2013 Soins et Aide \u00e0 Domicile \u00e0 Gen\u00e8ve","robots":{"index":"index","follow":"follow","max-snippet":"max-snippet:-1","max-image-preview":"max-image-preview:large","max-video-preview":"max-video-preview:-1"},"canonical":"https:\/\/vitaliscare.ch\/index.php\/blog\/","og_locale":"fr_FR","og_type":"article","og_title":"Blog - VitalisCare \u2013 Soins et Aide \u00e0 Domicile \u00e0 Gen\u00e8ve","og_description":"Il n\u2019y a pas d\u2019extrait, car cette publication est prot\u00e9g\u00e9e.","og_url":"https:\/\/vitaliscare.ch\/index.php\/blog\/","og_site_name":"VitalisCare \u2013 Soins et Aide \u00e0 Domicile \u00e0 Gen\u00e8ve","article_modified_time":"2025-01-19T14:30:58+00:00","twitter_card":"summary_large_image","schema":{"@context":"https:\/\/schema.org","@graph":[{"@type":"WebPage","@id":"https:\/\/vitaliscare.ch\/index.php\/blog\/","url":"https:\/\/vitaliscare.ch\/index.php\/blog\/","name":"Blog - VitalisCare \u2013 Soins et Aide \u00e0 Domicile \u00e0 Gen\u00e8ve","isPartOf":{"@id":"https:\/\/vitaliscare.ch\/#website"},"datePublished":"2025-01-15T19:29:36+00:00","dateModified":"2025-01-19T14:30:58+00:00","breadcrumb":{"@id":"https:\/\/vitaliscare.ch\/index.php\/blog\/#breadcrumb"},"inLanguage":"fr-FR"},{"@type":"WebSite","@id":"https:\/\/vitaliscare.ch\/#website","url":"https:\/\/vitaliscare.ch\/","name":"VitalisCare \u2013 Soins et Aide \u00e0 Domicile \u00e0 Gen\u00e8ve","description":"Actuellement, aucune offre d&#039;emploi n&#039;est disponible. Restez connect\u00e9, de nouvelles opportunit\u00e9s seront bient\u00f4t publi\u00e9es.","publisher":{"@id":"https:\/\/vitaliscare.ch\/#organization"},"potentialAction":[{"@type":"SearchAction","target":{"@type":"EntryPoint","urlTemplate":"https:\/\/vitaliscare.ch\/?s={search_term_string}"},"query-input":{"@type":"PropertyValueSpecification","valueRequired":true,"valueName":"search_term_string"}}],"inLanguage":"fr-FR"},{"@type":"Organization","@id":"https:\/\/vitaliscare.ch\/#organization","name":"VitalisCare \u2013 Soins et Aide \u00e0 Domicile \u00e0 Gen\u00e8ve","url":"https:\/\/vitaliscare.ch\/","logo":{"@type":"ImageObject","inLanguage":"fr-FR","@id":"https:\/\/vitaliscare.ch\/#\/schema\/logo\/image\/","url":"https:\/\/vitaliscare.ch\/wp-content\/uploads\/2024\/11\/cropped-cropped-LOGO-1.png","contentUrl":"https:\/\/vitaliscare.ch\/wp-content\/uploads\/2024\/11\/cropped-cropped-LOGO-1.png","width":1833,"height":528,"caption":"VitalisCare \u2013 Soins et Aide \u00e0 Domicile \u00e0 Gen\u00e8ve"},"image":{"@id":"https:\/\/vitaliscare.ch\/#\/schema\/logo\/image\/"}}]}},"_links":{"self":[{"href":"https:\/\/vitaliscare.ch\/index.php\/wp-json\/wp\/v2\/pages\/965","targetHints":{"allow":["GET"]}}],"collection":[{"href":"https:\/\/vitaliscare.ch\/index.php\/wp-json\/wp\/v2\/pages"}],"about":[{"href":"https:\/\/vitaliscare.ch\/index.php\/wp-json\/wp\/v2\/types\/page"}],"author":[{"embeddable":true,"href":"https:\/\/vitaliscare.ch\/index.php\/wp-json\/wp\/v2\/users\/1"}],"replies":[{"embeddable":true,"href":"https:\/\/vitaliscare.ch\/index.php\/wp-json\/wp\/v2\/comments?post=965"}],"version-history":[{"count":1,"href":"https:\/\/vitaliscare.ch\/index.php\/wp-json\/wp\/v2\/pages\/965\/revisions"}],"predecessor-version":[{"id":966,"href":"https:\/\/vitaliscare.ch\/index.php\/wp-json\/wp\/v2\/pages\/965\/revisions\/966"}],"wp:attachment":[{"href":"https:\/\/vitaliscare.ch\/index.php\/wp-json\/wp\/v2\/media?parent=965"}],"curies":[{"name":"wp","href":"https:\/\/api.w.org\/{rel}","templated":true}]}}